{"id":79,"date":"2026-01-26T21:45:30","date_gmt":"2026-01-26T21:45:30","guid":{"rendered":"https:\/\/champagne-unis-pour-lavenir.com\/?page_id=79"},"modified":"2026-02-02T21:24:30","modified_gmt":"2026-02-02T21:24:30","slug":"urbanisme-infrastructures","status":"publish","type":"page","link":"https:\/\/champagne-unis-pour-lavenir.com\/index.php\/urbanisme-infrastructures\/","title":{"rendered":"URBANISME &amp; INFRASTRUCTURES"},"content":{"rendered":"\n<p class=\"has-text-align-center has-text-color has-link-color wp-elements-58590c47fccefef70c9a412b17539e9b\" style=\"color:#fcb331\"><strong>Une commune mieux organis\u00e9e et plus s\u00fbre.<\/strong><\/p>\n\n\n\n<figure class=\"wp-block-image aligncenter size-full is-resized\"><img loading=\"lazy\" decoding=\"async\" width=\"335\" height=\"150\" src=\"https:\/\/champagne-unis-pour-lavenir.com\/wp-content\/uploads\/2026\/01\/image-47.png\" alt=\"\" class=\"wp-image-446\" style=\"width:411px;height:auto\" srcset=\"https:\/\/champagne-unis-pour-lavenir.com\/wp-content\/uploads\/2026\/01\/image-47.png 335w, https:\/\/champagne-unis-pour-lavenir.com\/wp-content\/uploads\/2026\/01\/image-47-300x134.png 300w\" sizes=\"auto, (max-width: 335px) 100vw, 335px\" \/><\/figure>\n\n\n\n<p class=\"texte-justifie has-text-color has-link-color wp-elements-3af700eed2e7975fb5de598b61295af2\" style=\"color:#255b7c\"><strong>Modernisation et \u00e9tude de l&rsquo;agrandissement de la salle <a href=\"https:\/\/www.calameo.com\/books\/008145766dce4dfdba7ef\" data-type=\"link\" data-id=\"https:\/\/www.calameo.com\/read\/0075283783f3c31af412e\" target=\"_blank\" rel=\"noreferrer noopener\">Scheurer*.<\/a><\/strong><br><strong><br>Nous engagerons des actions concr\u00e8tes pour :<\/strong><\/p>\n\n\n\n<ul class=\"wp-block-list texte-justifie\">\n<li class=\"has-text-color has-link-color wp-elements-d9ad10fd48d5007d0eeaa71f637edf6d\" style=\"color:#255b7c\">L\u2019am\u00e9nagement de pistes cyclables et pi\u00e9tons.<br><\/li>\n\n\n\n<li class=\"has-text-color has-link-color wp-elements-e1190039caebaa14760daa59b8f341d0\" style=\"color:#255b7c\">Cr\u00e9ation d&rsquo;un parc en centre-ville, nous offrirons aux Champenois un v\u00e9ritable lieu de vie interg\u00e9n\u00e9rationnel, pens\u00e9 pour rassembler petits et grands.<\/li>\n<\/ul>\n\n\n\n<p class=\"texte-justifie has-text-color has-link-color wp-elements-3f9a60863816518976ba47af0a560ec9\" style=\"color:#255b7c\"><strong>R\u00e9novation de la salle des mariages (b\u00e2timent de la mairie).<\/strong><br><br>Poursuite du projet de la <strong>passerelle entre Champagne et L\u2019Isle-Adam.<\/strong><br><br>Nous \u00e9tudierons tous les projets favorisant la coh\u00e9rence territoriale et la<br>mobilit\u00e9.<\/p>\n","protected":false},"excerpt":{"rendered":"<p>Une commune mieux organis\u00e9e et plus s\u00fbre. Modernisation et \u00e9tude de l&rsquo;agrandissement de la salle Scheurer*.Nous engagerons des actions concr\u00e8tes pour : R\u00e9novation de la salle des mariages (b\u00e2timent de la mairie). Poursuite du projet de la passerelle entre Champagne et L\u2019Isle-Adam. Nous \u00e9tudierons tous les projets favorisant la coh\u00e9rence territoriale et lamobilit\u00e9.<\/p>\n","protected":false},"author":1,"featured_media":0,"parent":0,"menu_order":0,"comment_status":"closed","ping_status":"closed","template":"","meta":{"footnotes":""},"class_list":["post-79","page","type-page","status-publish","hentry"],"_links":{"self":[{"href":"https:\/\/champagne-unis-pour-lavenir.com\/index.php\/wp-json\/wp\/v2\/pages\/79","targetHints":{"allow":["GET"]}}],"collection":[{"href":"https:\/\/champagne-unis-pour-lavenir.com\/index.php\/wp-json\/wp\/v2\/pages"}],"about":[{"href":"https:\/\/champagne-unis-pour-lavenir.com\/index.php\/wp-json\/wp\/v2\/types\/page"}],"author":[{"embeddable":true,"href":"https:\/\/champagne-unis-pour-lavenir.com\/index.php\/wp-json\/wp\/v2\/users\/1"}],"replies":[{"embeddable":true,"href":"https:\/\/champagne-unis-pour-lavenir.com\/index.php\/wp-json\/wp\/v2\/comments?post=79"}],"version-history":[{"count":22,"href":"https:\/\/champagne-unis-pour-lavenir.com\/index.php\/wp-json\/wp\/v2\/pages\/79\/revisions"}],"predecessor-version":[{"id":508,"href":"https:\/\/champagne-unis-pour-lavenir.com\/index.php\/wp-json\/wp\/v2\/pages\/79\/revisions\/508"}],"wp:attachment":[{"href":"https:\/\/champagne-unis-pour-lavenir.com\/index.php\/wp-json\/wp\/v2\/media?parent=79"}],"curies":[{"name":"wp","href":"https:\/\/api.w.org\/{rel}","templated":true}]}}