{"id":457,"date":"2026-01-30T22:00:51","date_gmt":"2026-01-30T22:00:51","guid":{"rendered":"https:\/\/champagne-unis-pour-lavenir.com\/?page_id=457"},"modified":"2026-02-01T21:03:16","modified_gmt":"2026-02-01T21:03:16","slug":"cimetiere","status":"publish","type":"page","link":"https:\/\/champagne-unis-pour-lavenir.com\/index.php\/cimetiere\/","title":{"rendered":"Cimeti\u00e8re"},"content":{"rendered":"\n<div class=\"wp-block-group is-content-justification-center is-nowrap is-layout-flex wp-container-core-group-is-layout-23441af8 wp-block-group-is-layout-flex\">\n<figure class=\"wp-block-image size-large\"><img loading=\"lazy\" decoding=\"async\" width=\"1024\" height=\"768\" src=\"https:\/\/champagne-unis-pour-lavenir.com\/wp-content\/uploads\/2026\/01\/image-48-1024x768.png\" alt=\"\" class=\"wp-image-459\" srcset=\"https:\/\/champagne-unis-pour-lavenir.com\/wp-content\/uploads\/2026\/01\/image-48-1024x768.png 1024w, https:\/\/champagne-unis-pour-lavenir.com\/wp-content\/uploads\/2026\/01\/image-48-300x225.png 300w, https:\/\/champagne-unis-pour-lavenir.com\/wp-content\/uploads\/2026\/01\/image-48-768x576.png 768w, https:\/\/champagne-unis-pour-lavenir.com\/wp-content\/uploads\/2026\/01\/image-48-1536x1152.png 1536w, https:\/\/champagne-unis-pour-lavenir.com\/wp-content\/uploads\/2026\/01\/image-48.png 1600w\" sizes=\"auto, (max-width: 1024px) 100vw, 1024px\" \/><figcaption class=\"wp-element-caption\">Cimeti\u00e8re actuel <\/figcaption><\/figure>\n\n\n\n<figure class=\"wp-block-image size-full\"><img loading=\"lazy\" decoding=\"async\" width=\"1024\" height=\"747\" src=\"https:\/\/champagne-unis-pour-lavenir.com\/wp-content\/uploads\/2026\/01\/image-49.png\" alt=\"\" class=\"wp-image-460\" srcset=\"https:\/\/champagne-unis-pour-lavenir.com\/wp-content\/uploads\/2026\/01\/image-49.png 1024w, https:\/\/champagne-unis-pour-lavenir.com\/wp-content\/uploads\/2026\/01\/image-49-300x219.png 300w, https:\/\/champagne-unis-pour-lavenir.com\/wp-content\/uploads\/2026\/01\/image-49-768x560.png 768w\" sizes=\"auto, (max-width: 1024px) 100vw, 1024px\" \/><figcaption class=\"wp-element-caption\">Cimeti\u00e8re apr\u00e8s r\u00e9novation  (image d&rsquo;illustration)<\/figcaption><\/figure>\n<\/div>\n\n\n\n<p class=\"texte-justifie has-text-color has-link-color wp-elements-d19dbd021ec7faae8e02b9e4dba3fe93\" style=\"color:#255b7c\"><strong>Un projet de r\u00e9novation et d&rsquo;extension pour notre cimeti\u00e8re<\/strong><br><br>Le cimeti\u00e8re communal est bien plus qu\u2019un lieu de s\u00e9pulture, c\u2019est un espace de recueillement, de m\u00e9moire et de s\u00e9r\u00e9nit\u00e9 pour tous les habitants.<br><br>Afin de garantir la p\u00e9rennit\u00e9 de ce lieu et d&rsquo;assurer un accueil digne aux familles, nous engagerons d&rsquo;importants travaux de r\u00e9novation ainsi qu&rsquo;un projet d&rsquo;agrandissement.<br><strong><br>Pourquoi ces travaux ?<\/strong><br>Le constat est double : d\u2019une part, la n\u00e9cessit\u00e9 de restaurer les infrastructures existantes qui subissent les marques du temps, et d\u2019autre part, le besoin d\u2019anticiper la saturation des emplacements actuels.<br><br><strong>Les principaux objectifs de ce projet :<\/strong><br><br><strong><em>L&rsquo;am\u00e9nagement paysager :<\/em><\/strong> Nous souhaitons faire du cimeti\u00e8re un \u00ab\u00a0espace vert de m\u00e9moire\u00a0\u00bb, plus v\u00e9g\u00e9talis\u00e9 et apaisant, en respectant les normes environnementales.<br><br><strong><em>L&rsquo;accessibilit\u00e9 et la s\u00e9curit\u00e9 :<\/em><\/strong> R\u00e9novation des all\u00e9es pour faciliter le passage des personnes \u00e0 mobilit\u00e9 r\u00e9duite.<br>Un cadre de recueillement modernis\u00e9<br>Outre l&rsquo;extension, une attention particuli\u00e8re sera port\u00e9e \u00e0 la zone cin\u00e9raire (columbarium et jardin du souvenir) pour r\u00e9pondre \u00e0 l&rsquo;\u00e9volution des pratiques fun\u00e9raires.<br>\u00ab\u00a0<em>Garantir \u00e0 chacun un lieu de repos digne et offrir aux familles un cadre de recueillement soign\u00e9 est une priorit\u00e9 pour notre \u00e9quipe municipale.<\/em>\u00ab\u00a0<\/p>\n","protected":false},"excerpt":{"rendered":"<p>Un projet de r\u00e9novation et d&rsquo;extension pour notre cimeti\u00e8re Le cimeti\u00e8re communal est bien plus qu\u2019un lieu de s\u00e9pulture, c\u2019est un espace de recueillement, de m\u00e9moire et de s\u00e9r\u00e9nit\u00e9 pour tous les habitants. Afin de garantir la p\u00e9rennit\u00e9 de ce lieu et d&rsquo;assurer un accueil digne aux familles, nous engagerons d&rsquo;importants travaux de r\u00e9novation ainsi [&hellip;]<\/p>\n","protected":false},"author":1,"featured_media":0,"parent":0,"menu_order":0,"comment_status":"closed","ping_status":"closed","template":"","meta":{"footnotes":""},"class_list":["post-457","page","type-page","status-publish","hentry"],"_links":{"self":[{"href":"https:\/\/champagne-unis-pour-lavenir.com\/index.php\/wp-json\/wp\/v2\/pages\/457","targetHints":{"allow":["GET"]}}],"collection":[{"href":"https:\/\/champagne-unis-pour-lavenir.com\/index.php\/wp-json\/wp\/v2\/pages"}],"about":[{"href":"https:\/\/champagne-unis-pour-lavenir.com\/index.php\/wp-json\/wp\/v2\/types\/page"}],"author":[{"embeddable":true,"href":"https:\/\/champagne-unis-pour-lavenir.com\/index.php\/wp-json\/wp\/v2\/users\/1"}],"replies":[{"embeddable":true,"href":"https:\/\/champagne-unis-pour-lavenir.com\/index.php\/wp-json\/wp\/v2\/comments?post=457"}],"version-history":[{"count":9,"href":"https:\/\/champagne-unis-pour-lavenir.com\/index.php\/wp-json\/wp\/v2\/pages\/457\/revisions"}],"predecessor-version":[{"id":503,"href":"https:\/\/champagne-unis-pour-lavenir.com\/index.php\/wp-json\/wp\/v2\/pages\/457\/revisions\/503"}],"wp:attachment":[{"href":"https:\/\/champagne-unis-pour-lavenir.com\/index.php\/wp-json\/wp\/v2\/media?parent=457"}],"curies":[{"name":"wp","href":"https:\/\/api.w.org\/{rel}","templated":true}]}}