{"id":325,"date":"2026-01-29T22:27:07","date_gmt":"2026-01-29T22:27:07","guid":{"rendered":"https:\/\/champagne-unis-pour-lavenir.com\/?page_id=325"},"modified":"2026-02-01T21:02:41","modified_gmt":"2026-02-01T21:02:41","slug":"patrimoine","status":"publish","type":"page","link":"https:\/\/champagne-unis-pour-lavenir.com\/index.php\/patrimoine\/","title":{"rendered":"Patrimoine"},"content":{"rendered":"\n<div class=\"wp-block-group is-content-justification-center is-nowrap is-layout-flex wp-container-core-group-is-layout-23441af8 wp-block-group-is-layout-flex\">\n<figure class=\"wp-block-image size-full\"><img loading=\"lazy\" decoding=\"async\" width=\"178\" height=\"237\" src=\"https:\/\/champagne-unis-pour-lavenir.com\/wp-content\/uploads\/2026\/01\/image-36.png\" alt=\"\" class=\"wp-image-334\"\/><\/figure>\n\n\n\n<figure class=\"wp-block-image size-full\"><img loading=\"lazy\" decoding=\"async\" width=\"180\" height=\"239\" src=\"https:\/\/champagne-unis-pour-lavenir.com\/wp-content\/uploads\/2026\/01\/image-37.png\" alt=\"\" class=\"wp-image-335\"\/><\/figure>\n<\/div>\n\n\n\n<p class=\"texte-justifie has-text-color has-link-color wp-elements-d9645bf123a3da998a6551cbbcfb6485\" style=\"color:#255b7c\">Notre \u00e9quipe souhaite redonner vie au Presbyt\u00e8re et continuer les travaux engag\u00e9s sur l\u2019Eglise. Ces joyaux de notre village, en les transformant en un lieu de convivialit\u00e9 et de partage. Pour financer ces projets ambitieux sans peser uniquement sur les finances communales, nous proposerons la mise en place de <strong>concerts \u00e0 but caritatif.<\/strong><br><br><strong><em><mark style=\"background-color:rgba(0, 0, 0, 0);color:#fcb331\" class=\"has-inline-color\">R\u00e9nover pour mieux se retrouver, notre objectif <\/mark><\/em><\/strong>: une r\u00e9novation compl\u00e8te du b\u00e2timent pour en faire un espace polyvalent haut de gamme. Une fois restaur\u00e9, le Presbyt\u00e8re sera propos\u00e9 \u00e0 la location pour :<\/p>\n\n\n\n<ul style=\"color:#255b7c\" class=\"wp-block-list texte-justifie has-text-color has-link-color wp-elements-2354eb7ab0438abb9499e0df0849a8c8\">\n<li><strong><em>Les moments de vie <\/em><\/strong>: C\u00e9l\u00e9brations apr\u00e8s les bapt\u00eames, mariages ou communions.<\/li>\n\n\n\n<li><strong><em>Les \u00e9v\u00e9nements officiels :<\/em><\/strong> Vins d&rsquo;honneur et r\u00e9ceptions municipales.<\/li>\n\n\n\n<li><strong><em>Les festivit\u00e9s locales : <\/em><\/strong>Petites r\u00e9ceptions priv\u00e9es.<\/li>\n<\/ul>\n\n\n\n<p><strong><mark style=\"background-color:rgba(0, 0, 0, 0);color:#fcb331\" class=\"has-inline-color\">Cette d\u00e9marche permettra de :<\/mark><\/strong><\/p>\n\n\n\n<ul class=\"wp-block-list texte-justifie\">\n<li class=\"has-text-color has-link-color wp-elements-62a170151e85d4dc895e3e551db9d5fa\" style=\"color:#255b7c\"><strong><em>Maximiser les subventions :<\/em><\/strong> En sollicitant l&rsquo;aide nationale d\u00e9di\u00e9e aux monuments en p\u00e9ril.<\/li>\n\n\n\n<li class=\"has-text-color has-link-color wp-elements-4d5ab98d98cc2e8ddc7fce0c7e638dcf\" style=\"color:#255b7c\"><strong><em>Offrir une visibilit\u00e9 exceptionnelle :<\/em><\/strong> Faire rayonner notre commune et son histoire \u00e0 travers les m\u00e9dias nationaux.<\/li>\n\n\n\n<li class=\"has-text-color has-link-color wp-elements-8091b7341d70bdc7568ab5e9329a3e27\" style=\"color:#255b7c\"><strong><em>Acc\u00e9l\u00e9rer les travaux :<\/em><\/strong> Gr\u00e2ce \u00e0 un apport financier compl\u00e9mentaire permettant une r\u00e9novation de grande qualit\u00e9.<br><br>Une dynamique de financement participative, nous voulons impliquer les administr\u00e9s : Concerts de charit\u00e9, organisation de soir\u00e9es musicales (classique, chorale, jazz) dont les b\u00e9n\u00e9fices seront directement fl\u00e9ch\u00e9s vers les travaux de r\u00e9novation.<\/li>\n<\/ul>\n\n\n\n<p class=\"texte-justifie\"><strong><mark style=\"background-color:rgba(0, 0, 0, 0);color:#fcb331\" class=\"has-inline-color\">Les b\u00e9n\u00e9fices pour notre commune<\/mark><\/strong><\/p>\n\n\n\n<ul class=\"wp-block-list texte-justifie\">\n<li class=\"has-text-color has-link-color wp-elements-d81329a6e1cf7040274e6ee47ea895a1\" style=\"color:#255b7c\"><strong><em>Autofinancement : <\/em><\/strong>Les revenus des locations permettront, \u00e0 terme, d&rsquo;entretenir le b\u00e2timent de mani\u00e8re autonome.<\/li>\n\n\n\n<li class=\"has-text-color has-link-color wp-elements-16a2c2406db94dd9fe49c1f6515ba33a\" style=\"color:#255b7c\"><strong><em>Attractivit\u00e9 :<\/em><\/strong> Offrir un cadre historique et \u00e9l\u00e9gant pour les \u00e9v\u00e9nements familiaux des habitants.<\/li>\n\n\n\n<li class=\"has-text-color has-link-color wp-elements-41593198a6a1df4270e1378156ec5099\" style=\"color:#255b7c\"><em><strong>Animation culturelle :<\/strong><\/em> Dynamiser ce quartier avec des \u00e9v\u00e9nements de qualit\u00e9 avant m\u00eame la fin des travaux.<\/li>\n<\/ul>\n\n\n\n<p class=\"texte-justifie has-text-color has-link-color wp-elements-39e4a4816cea3877fbfdd45da420b221\" style=\"color:#255b7c\"><mark style=\"background-color:rgba(0, 0, 0, 0);color:#fcb331\" class=\"has-inline-color\"><strong>Notre vision : <\/strong>Faire du Presbyt\u00e8re un lieu qui a une \u00e2me, financ\u00e9 par la culture et ouvert \u00e0 tous pour c\u00e9l\u00e9brer les moments forts de la vie.<\/mark><br><br><mark style=\"background-color:rgba(0, 0, 0, 0);color:#fcb331\" class=\"has-inline-color\"><strong>Mobiliser des partenaires d&rsquo;envergure : Le Loto du Patrimoine<\/strong><\/mark><br><br>Pour soutenir cette ambition, nous ne nous contenterons pas des ressources locales. Nous monterons un dossier solide pour inscrire la r\u00e9novation de notre presbyt\u00e8re au Loto du Patrimoine (Mission Bern), soutenu par la Fondation du Patrimoine.<\/p>\n","protected":false},"excerpt":{"rendered":"<p>Notre \u00e9quipe souhaite redonner vie au Presbyt\u00e8re et continuer les travaux engag\u00e9s sur l\u2019Eglise. Ces joyaux de notre village, en les transformant en un lieu de convivialit\u00e9 et de partage. Pour financer ces projets ambitieux sans peser uniquement sur les finances communales, nous proposerons la mise en place de concerts \u00e0 but caritatif. R\u00e9nover pour [&hellip;]<\/p>\n","protected":false},"author":1,"featured_media":0,"parent":0,"menu_order":0,"comment_status":"closed","ping_status":"closed","template":"","meta":{"footnotes":""},"class_list":["post-325","page","type-page","status-publish","hentry"],"_links":{"self":[{"href":"https:\/\/champagne-unis-pour-lavenir.com\/index.php\/wp-json\/wp\/v2\/pages\/325","targetHints":{"allow":["GET"]}}],"collection":[{"href":"https:\/\/champagne-unis-pour-lavenir.com\/index.php\/wp-json\/wp\/v2\/pages"}],"about":[{"href":"https:\/\/champagne-unis-pour-lavenir.com\/index.php\/wp-json\/wp\/v2\/types\/page"}],"author":[{"embeddable":true,"href":"https:\/\/champagne-unis-pour-lavenir.com\/index.php\/wp-json\/wp\/v2\/users\/1"}],"replies":[{"embeddable":true,"href":"https:\/\/champagne-unis-pour-lavenir.com\/index.php\/wp-json\/wp\/v2\/comments?post=325"}],"version-history":[{"count":14,"href":"https:\/\/champagne-unis-pour-lavenir.com\/index.php\/wp-json\/wp\/v2\/pages\/325\/revisions"}],"predecessor-version":[{"id":502,"href":"https:\/\/champagne-unis-pour-lavenir.com\/index.php\/wp-json\/wp\/v2\/pages\/325\/revisions\/502"}],"wp:attachment":[{"href":"https:\/\/champagne-unis-pour-lavenir.com\/index.php\/wp-json\/wp\/v2\/media?parent=325"}],"curies":[{"name":"wp","href":"https:\/\/api.w.org\/{rel}","templated":true}]}}