{"id":118,"date":"2026-01-25T18:13:13","date_gmt":"2026-01-25T18:13:13","guid":{"rendered":"https:\/\/champagne-unis-pour-lavenir.com\/?page_id=118"},"modified":"2026-02-01T20:58:39","modified_gmt":"2026-02-01T20:58:39","slug":"118-2","status":"publish","type":"page","link":"https:\/\/champagne-unis-pour-lavenir.com\/index.php\/118-2\/","title":{"rendered":"SENIORS"},"content":{"rendered":"\n<p class=\"has-text-align-center is-style-text-poster has-large-font-size is-style-text-poster--1\">AUTONOMIE &amp; SOLIDARIT\u00c9<\/p>\n\n\n\n<figure class=\"wp-block-image aligncenter size-full is-resized\"><img loading=\"lazy\" decoding=\"async\" width=\"700\" height=\"466\" src=\"https:\/\/champagne-unis-pour-lavenir.com\/wp-content\/uploads\/2026\/01\/image-43.png\" alt=\"\" class=\"wp-image-391\" style=\"aspect-ratio:1.5021918470194333;width:484px;height:auto\" srcset=\"https:\/\/champagne-unis-pour-lavenir.com\/wp-content\/uploads\/2026\/01\/image-43.png 700w, https:\/\/champagne-unis-pour-lavenir.com\/wp-content\/uploads\/2026\/01\/image-43-300x200.png 300w\" sizes=\"auto, (max-width: 700px) 100vw, 700px\" \/><\/figure>\n\n\n\n<p class=\"texte-justifie has-text-color has-link-color wp-elements-8479ed3a3dbcbf30ee30dd10058176e9\" style=\"color:#255b7c\"><mark style=\"background-color:rgba(0, 0, 0, 0);color:#fcb331\" class=\"has-inline-color\"><strong>Bien vieillir \u00e0 Champagne-sur-Oise<\/strong>.<\/mark><br><br>Les seniors occupent une place essentielle dans la vie de notre commune. Nous voulons leur permettre de vivre dignement, entour\u00e9s et en s\u00e9curit\u00e9. Lorsqu\u2019il est souhait\u00e9, nous voulons favoriser le maintien \u00e0 domicile, dans les meilleures conditions, le plus longtemps possible.<br><br><strong>Nous mettrons en place un accompagnement municipal d\u00e9di\u00e9 aux seniors, permettant :<\/strong><br><br>Une aide aux d\u00e9marches administratives (allocations pour personnes \u00e2g\u00e9es, aides sociales, t\u00e9l\u00e9assistance).<br><br>Un appui au montage des dossiers de financement pour les am\u00e9nagements du domicile.<br><br>Une orientation vers les services d\u2019aide \u00e0 domicile et les professionnels comp\u00e9tents.<br><br><strong><mark style=\"background-color:rgba(0, 0, 0, 0);color:#fcb331\" class=\"has-inline-color\">Lutter contre l\u2019isolement.<\/mark><\/strong><br><br><strong>L\u2019isolement est l\u2019une des premi\u00e8res fragilit\u00e9s li\u00e9es \u00e0 l\u2019\u00e2ge.<br>Nous d\u00e9velopperons :<\/strong><br><br>Des temps de rencontre r\u00e9guliers (caf\u00e9s seniors, ateliers, activit\u00e9s conviviales, repas dansants, voyages\u2026) une veille municipale pour les personnes isol\u00e9es, notamment en p\u00e9riode de canicule ou de grand froid, des actions interg\u00e9n\u00e9rationnelles favorisant le lien social.<br><br><strong><mark style=\"background-color:rgba(0, 0, 0, 0);color:#fcb331\" class=\"has-inline-color\">Faciliter les d\u00e9placements et la s\u00e9curit\u00e9.<\/mark><\/strong><br><br><strong>Nous porterons une attention particuli\u00e8re \u00e0 :<\/strong><br><br>L\u2019accessibilit\u00e9 de l\u2019espace public.<br>La s\u00e9curit\u00e9 des cheminements.<br>L\u2019\u00e9clairage et les \u00e9quipements favorisant l\u2019autonomie.<\/p>\n\n\n\n<p class=\"has-text-align-center is-style-text-lead-3 has-text-color has-link-color wp-elements-cdbc91547bd23dc712e258c2b4c7443b is-style-text-lead-3--2\" style=\"color:#255b7c\"><br><strong>Bien vieillir chez soi doit rester un droit, pas un privil\u00e8ge.<\/strong><\/p>\n","protected":false},"excerpt":{"rendered":"<p>AUTONOMIE &amp; SOLIDARIT\u00c9 Bien vieillir \u00e0 Champagne-sur-Oise. Les seniors occupent une place essentielle dans la vie de notre commune. Nous voulons leur permettre de vivre dignement, entour\u00e9s et en s\u00e9curit\u00e9. Lorsqu\u2019il est souhait\u00e9, nous voulons favoriser le maintien \u00e0 domicile, dans les meilleures conditions, le plus longtemps possible. Nous mettrons en place un accompagnement municipal [&hellip;]<\/p>\n","protected":false},"author":1,"featured_media":0,"parent":0,"menu_order":0,"comment_status":"closed","ping_status":"closed","template":"","meta":{"footnotes":""},"class_list":["post-118","page","type-page","status-publish","hentry"],"_links":{"self":[{"href":"https:\/\/champagne-unis-pour-lavenir.com\/index.php\/wp-json\/wp\/v2\/pages\/118","targetHints":{"allow":["GET"]}}],"collection":[{"href":"https:\/\/champagne-unis-pour-lavenir.com\/index.php\/wp-json\/wp\/v2\/pages"}],"about":[{"href":"https:\/\/champagne-unis-pour-lavenir.com\/index.php\/wp-json\/wp\/v2\/types\/page"}],"author":[{"embeddable":true,"href":"https:\/\/champagne-unis-pour-lavenir.com\/index.php\/wp-json\/wp\/v2\/users\/1"}],"replies":[{"embeddable":true,"href":"https:\/\/champagne-unis-pour-lavenir.com\/index.php\/wp-json\/wp\/v2\/comments?post=118"}],"version-history":[{"count":12,"href":"https:\/\/champagne-unis-pour-lavenir.com\/index.php\/wp-json\/wp\/v2\/pages\/118\/revisions"}],"predecessor-version":[{"id":494,"href":"https:\/\/champagne-unis-pour-lavenir.com\/index.php\/wp-json\/wp\/v2\/pages\/118\/revisions\/494"}],"wp:attachment":[{"href":"https:\/\/champagne-unis-pour-lavenir.com\/index.php\/wp-json\/wp\/v2\/media?parent=118"}],"curies":[{"name":"wp","href":"https:\/\/api.w.org\/{rel}","templated":true}]}}