{"id":114,"date":"2026-01-25T18:08:16","date_gmt":"2026-01-25T18:08:16","guid":{"rendered":"https:\/\/champagne-unis-pour-lavenir.com\/?page_id=114"},"modified":"2026-02-02T21:25:32","modified_gmt":"2026-02-02T21:25:32","slug":"cadre-de-vie","status":"publish","type":"page","link":"https:\/\/champagne-unis-pour-lavenir.com\/index.php\/cadre-de-vie\/","title":{"rendered":"VIE QUOTIDIENNE FAMILLES &amp; \u00c9DUCATION"},"content":{"rendered":"\n<p class=\"has-text-align-center has-text-color has-link-color wp-elements-5bb005550292ad5e3b3465cb48b7ad6d\" style=\"color:#255b7c\"><strong>\u201cPr\u00e9parer l\u2019avenir de nos enfants,<br>avec des \u00e9quipements adapt\u00e9s et durables\u201d<\/strong><\/p>\n\n\n\n<p class=\"has-text-align-left texte-justifie has-text-color has-link-color wp-elements-1c1f2f6d45ad12947c8dcf26c72a21e2\" style=\"color:#255b7c\"><br>L\u2019\u00e9ducation est un pilier fondamental de l\u2019avenir de Champagne-sur-Oise. Notre responsabilit\u00e9 est d\u2019anticiper les besoins des familles et d\u2019offrir aux enfants des conditions d\u2019accueil adapt\u00e9es, s\u00e9curis\u00e9es et tourn\u00e9es vers l\u2019avenir. Nous souhaitons mettre en place des <strong>cours d\u2019anglais<\/strong> d\u00e8s le plus jeune \u00e2ge, car nous pensons que l\u2019apprentissage de cette langue est tr\u00e8s important pour le futur de nos enfants. Nous d\u00e9velopperons avec le comit\u00e9 de Jumelage des \u00e9changes scolaires avec Welwyn pour les classes de CM2.<br><br><mark style=\"background-color:rgba(0, 0, 0, 0);color:#fcb331\" class=\"has-inline-color\"><strong>Petite enfance &amp; cr\u00e8ches.<\/strong><\/mark><br><br>Nous \u00e9tudierons <strong>la cr\u00e9ation d\u2019une cr\u00e8che municipale dans du b\u00e2ti existant<\/strong>, afin de r\u00e9pondre aux besoins des familles champenoises, tout en ma\u00eetrisant les co\u00fbts.<br><br><mark style=\"background-color:rgba(0, 0, 0, 0);color:#fdb12e\" class=\"has-inline-color\"><strong>Education et \u00e9quipements <a href=\"https:\/\/www.calameo.com\/books\/00814576604a1ca0bf927\" data-type=\"link\" data-id=\"https:\/\/www.calameo.com\/books\/007528378890cec515072\">scolaires*<\/a>.<\/strong><\/mark><br><br><strong>Nous souhaitons implanter le nouveau groupe scolaire rue des Gaudines. Ce projet prioritaire pour accompagner la croissance d\u00e9mographique permettra :<\/strong><br><br><strong>De pr\u00e9server le c\u00f4t\u00e9 pavillonnaire<\/strong> du quartier en \u00e9vitant la pr\u00e9emption des terrains libres, afin de stopper la densification excessive de notre territoire.<br><br>Une r\u00e9flexion globale sur les d\u00e9placements et <strong>la s\u00e9curit\u00e9 aux abords des \u00e9coles<\/strong> (r\u00e9novation de la voirie).<br><br>De d\u00e9sengorger le centre-ville.<br><br>Des conditions d\u2019accueil optimales pour les enfants et les \u00e9quipes \u00e9ducatives.<br><br>Une <strong>meilleure r\u00e9partition de la carte scolaire<\/strong> sur le territoire communal.<br><br>De profiter de b\u00e2timents modernes, fonctionnels et accessibles.<br><br><strong>Sa configuration a \u00e9t\u00e9 pens\u00e9e pour garantir une implantation id\u00e9ale pour les familles.*<\/strong><\/p>\n\n\n\n<figure class=\"wp-block-image size-large\"><img loading=\"lazy\" decoding=\"async\" width=\"1024\" height=\"437\" src=\"https:\/\/champagne-unis-pour-lavenir.com\/wp-content\/uploads\/2026\/01\/ecole-1024x437.png\" alt=\"\" class=\"wp-image-190\" srcset=\"https:\/\/champagne-unis-pour-lavenir.com\/wp-content\/uploads\/2026\/01\/ecole-1024x437.png 1024w, https:\/\/champagne-unis-pour-lavenir.com\/wp-content\/uploads\/2026\/01\/ecole-300x128.png 300w, https:\/\/champagne-unis-pour-lavenir.com\/wp-content\/uploads\/2026\/01\/ecole-768x327.png 768w, https:\/\/champagne-unis-pour-lavenir.com\/wp-content\/uploads\/2026\/01\/ecole-1536x655.png 1536w, https:\/\/champagne-unis-pour-lavenir.com\/wp-content\/uploads\/2026\/01\/ecole-2048x873.png 2048w\" sizes=\"auto, (max-width: 1024px) 100vw, 1024px\" \/><\/figure>\n\n\n\n<p class=\"texte-justifie has-text-color has-link-color wp-elements-7d9df2f5d8d6e91e49701648577504ee\" style=\"color:#255b7c\"><mark style=\"background-color:rgba(0, 0, 0, 0);color:#fcb331\" class=\"has-inline-color\"><strong>P\u00e9riscolaire &amp; inclusion<\/strong>.<\/mark><br><br><strong>Nous veillerons \u00e0 :<\/strong><br><br>Adapter les <strong>services p\u00e9riscolaires<\/strong> aux besoins r\u00e9els des familles,<br><br>Renforcer l\u2019inclusion par la pr\u00e9sence <strong>d\u2019animateurs sp\u00e9cialis\u00e9s pour les enfants en situation de handicap<\/strong>, afin de garantir un accueil digne et adapt\u00e9 \u00e0 tous.<br><br><em><strong>Lutte contre le harc\u00e8lement scolaire <\/strong><\/em>: Mise en \u0153uvre de programmes de sensibilisation et d&rsquo;\u00e9coute au sein des structures communales pour garantir \u00e0 chaque enfant un parcours scolaire bienveillant.<br><br><strong><em>Notre ambition est claire : <\/em><\/strong>offrir \u00e0 chaque enfant les meilleures conditions pour apprendre et s\u2019\u00e9panouir \u00e0 Champagne-sur-Oise.<br><br><mark style=\"background-color:rgba(0, 0, 0, 0);color:#fcb331\" class=\"has-inline-color\"><strong>Enfance, jeunesse &amp; interg\u00e9n\u00e9rationnel.<\/strong><\/mark><br><br><strong>Notre objectif est de :<\/strong><br><strong>Cr\u00e9er et am\u00e9nager des parcs pour enfants<\/strong>, s\u00e9curis\u00e9s, accessibles et adapt\u00e9s \u00e0 tous les \u00e2ges.<br><br><strong>D\u00e9velopper des activit\u00e9s pour les enfants et les jeunes<\/strong>, en lien avec les associations locales.<br><br>Mettre en place <strong>des actions interg\u00e9n\u00e9rationnelles.<\/strong><\/p>\n","protected":false},"excerpt":{"rendered":"<p>\u201cPr\u00e9parer l\u2019avenir de nos enfants,avec des \u00e9quipements adapt\u00e9s et durables\u201d L\u2019\u00e9ducation est un pilier fondamental de l\u2019avenir de Champagne-sur-Oise. Notre responsabilit\u00e9 est d\u2019anticiper les besoins des familles et d\u2019offrir aux enfants des conditions d\u2019accueil adapt\u00e9es, s\u00e9curis\u00e9es et tourn\u00e9es vers l\u2019avenir. Nous souhaitons mettre en place des cours d\u2019anglais d\u00e8s le plus jeune \u00e2ge, car nous [&hellip;]<\/p>\n","protected":false},"author":1,"featured_media":0,"parent":0,"menu_order":0,"comment_status":"closed","ping_status":"closed","template":"","meta":{"footnotes":""},"class_list":["post-114","page","type-page","status-publish","hentry"],"_links":{"self":[{"href":"https:\/\/champagne-unis-pour-lavenir.com\/index.php\/wp-json\/wp\/v2\/pages\/114","targetHints":{"allow":["GET"]}}],"collection":[{"href":"https:\/\/champagne-unis-pour-lavenir.com\/index.php\/wp-json\/wp\/v2\/pages"}],"about":[{"href":"https:\/\/champagne-unis-pour-lavenir.com\/index.php\/wp-json\/wp\/v2\/types\/page"}],"author":[{"embeddable":true,"href":"https:\/\/champagne-unis-pour-lavenir.com\/index.php\/wp-json\/wp\/v2\/users\/1"}],"replies":[{"embeddable":true,"href":"https:\/\/champagne-unis-pour-lavenir.com\/index.php\/wp-json\/wp\/v2\/comments?post=114"}],"version-history":[{"count":18,"href":"https:\/\/champagne-unis-pour-lavenir.com\/index.php\/wp-json\/wp\/v2\/pages\/114\/revisions"}],"predecessor-version":[{"id":510,"href":"https:\/\/champagne-unis-pour-lavenir.com\/index.php\/wp-json\/wp\/v2\/pages\/114\/revisions\/510"}],"wp:attachment":[{"href":"https:\/\/champagne-unis-pour-lavenir.com\/index.php\/wp-json\/wp\/v2\/media?parent=114"}],"curies":[{"name":"wp","href":"https:\/\/api.w.org\/{rel}","templated":true}]}}