{"id":106,"date":"2026-01-25T17:52:52","date_gmt":"2026-01-25T17:52:52","guid":{"rendered":"https:\/\/champagne-unis-pour-lavenir.com\/?page_id=106"},"modified":"2026-02-01T21:01:32","modified_gmt":"2026-02-01T21:01:32","slug":"106-2","status":"publish","type":"page","link":"https:\/\/champagne-unis-pour-lavenir.com\/index.php\/106-2\/","title":{"rendered":"ASSOCIATIONS, CULTURE ACTIVIT\u00c9S &amp; LIEN SOCIAL"},"content":{"rendered":"\n<figure class=\"wp-block-image size-large\"><img loading=\"lazy\" decoding=\"async\" width=\"1024\" height=\"419\" src=\"https:\/\/champagne-unis-pour-lavenir.com\/wp-content\/uploads\/2026\/01\/image-31-1024x419.png\" alt=\"\" class=\"wp-image-308\" srcset=\"https:\/\/champagne-unis-pour-lavenir.com\/wp-content\/uploads\/2026\/01\/image-31-1024x419.png 1024w, https:\/\/champagne-unis-pour-lavenir.com\/wp-content\/uploads\/2026\/01\/image-31-300x123.png 300w, https:\/\/champagne-unis-pour-lavenir.com\/wp-content\/uploads\/2026\/01\/image-31-768x314.png 768w, https:\/\/champagne-unis-pour-lavenir.com\/wp-content\/uploads\/2026\/01\/image-31-1536x628.png 1536w, https:\/\/champagne-unis-pour-lavenir.com\/wp-content\/uploads\/2026\/01\/image-31.png 1600w\" sizes=\"auto, (max-width: 1024px) 100vw, 1024px\" \/><\/figure>\n\n\n\n<p class=\"texte-justifie has-text-color has-link-color wp-elements-755bc3b4e92335deb1a19e0d9660efc4\" style=\"color:#255b7c\"><strong><mark style=\"background-color:rgba(0, 0, 0, 0);color:#fcb331\" class=\"has-inline-color\">Une commune vivante, pour se retrouver et partager.<\/mark><\/strong><br><br>La qualit\u00e9 de vie ne repose pas uniquement sur les \u00e9quipements, mais aussi et surtout sur la richesse des \u00e9changes, de la culture et des activit\u00e9s collectives.<br><br><mark style=\"background-color:rgba(0, 0, 0, 0);color:#fcb331\" class=\"has-inline-color\"><strong>Le d\u00e9veloppement des associations culturelles et sportives est notre priorit\u00e9.<\/strong><br><br><strong>Faire p\u00e9tiller Champagne-sur-Oise :<\/strong><\/mark><br><br>En redynamisant des activit\u00e9s culturelles et associatives.<br><br><strong>En cr\u00e9ant un parc en centre-ville, v\u00e9ritable lieu de vie interg\u00e9n\u00e9rationnel, comprenant :<\/strong><br><br> &#8211; Une biblioth\u00e8que \/ m\u00e9diath\u00e8que \/ ludoth\u00e8que.<br> &#8211; Une aire de jeux.<br> &#8211; Une piste de mobilit\u00e9s douces (pumptrack).<br><br><strong>Sport et vie associative<\/strong><br><br> &#8211; D\u00e9veloppement du handisport avec des rencontres valides\/handicap\u00e9s<br> &#8211; Cr\u00e9ation d&rsquo;un office municipal des sports<br> &#8211; D\u00e9veloppement d\u2019une navette le mercredi entre le centre de loisirs et les  <br>    activit\u00e9s associatives communales<br> &#8211; Etude d&rsquo;agrandissement des terrains de foot<br><br>En d\u00e9veloppant des activit\u00e9s sportives et de loisirs accessibles \u00e0 tous.<br><br>En organisant des \u00e9v\u00e9nements r\u00e9guliers, comme par exemple : cin\u00e9ma en plein air, des soir\u00e9es dansantes, des ateliers bien-\u00eatre, des ap\u00e9ros partag\u00e9s, des soir\u00e9es \u00ab sans r\u00e9seau \u00bb, des activit\u00e9s canines, un march\u00e9 fermier, un march\u00e9 de No\u00ebl,\u2026<br><br><mark style=\"background-color:rgba(0, 0, 0, 0);color:#fcb331\" class=\"has-inline-color\"><strong>Champagne-sur-Oise, une ville o\u00f9 l\u2019on prend du temps pour vivre ensemble<\/strong>.<\/mark><\/p>\n\n\n\n<figure class=\"wp-block-image alignfull size-large\"><img loading=\"lazy\" decoding=\"async\" width=\"1024\" height=\"50\" src=\"https:\/\/champagne-unis-pour-lavenir.com\/wp-content\/uploads\/2026\/01\/image-30-1024x50.png\" alt=\"\" class=\"wp-image-292\" srcset=\"https:\/\/champagne-unis-pour-lavenir.com\/wp-content\/uploads\/2026\/01\/image-30-1024x50.png 1024w, https:\/\/champagne-unis-pour-lavenir.com\/wp-content\/uploads\/2026\/01\/image-30-300x15.png 300w, https:\/\/champagne-unis-pour-lavenir.com\/wp-content\/uploads\/2026\/01\/image-30-768x38.png 768w, https:\/\/champagne-unis-pour-lavenir.com\/wp-content\/uploads\/2026\/01\/image-30.png 1039w\" sizes=\"auto, (max-width: 1024px) 100vw, 1024px\" \/><\/figure>\n\n\n\n<p class=\"has-text-align-center is-style-text-lead-2 has-text-color has-link-color wp-elements-eecdccc3d6f5d59aefd1424c88702582 is-style-text-lead-2--1\" style=\"color:#255b7c\"><strong>Projet Pumptrack <\/strong><\/p>\n\n\n\n<p class=\"has-text-align-center has-text-color has-link-color wp-elements-9253e46cdf0f6fad5b003389134d767b\" style=\"color:#255b7c\">(image d\u2019illustration)<\/p>\n\n\n\n<figure class=\"wp-block-image size-full\"><img loading=\"lazy\" decoding=\"async\" width=\"1194\" height=\"555\" src=\"https:\/\/champagne-unis-pour-lavenir.com\/wp-content\/uploads\/2026\/01\/pumptrack.jpg\" alt=\"\" class=\"wp-image-142\" srcset=\"https:\/\/champagne-unis-pour-lavenir.com\/wp-content\/uploads\/2026\/01\/pumptrack.jpg 1194w, https:\/\/champagne-unis-pour-lavenir.com\/wp-content\/uploads\/2026\/01\/pumptrack-300x139.jpg 300w, https:\/\/champagne-unis-pour-lavenir.com\/wp-content\/uploads\/2026\/01\/pumptrack-1024x476.jpg 1024w, https:\/\/champagne-unis-pour-lavenir.com\/wp-content\/uploads\/2026\/01\/pumptrack-768x357.jpg 768w\" sizes=\"auto, (max-width: 1194px) 100vw, 1194px\" \/><\/figure>\n\n\n\n<figure class=\"wp-block-image alignfull size-large\"><img loading=\"lazy\" decoding=\"async\" width=\"1024\" height=\"50\" src=\"https:\/\/champagne-unis-pour-lavenir.com\/wp-content\/uploads\/2026\/01\/image-30-1024x50.png\" alt=\"\" class=\"wp-image-292\" srcset=\"https:\/\/champagne-unis-pour-lavenir.com\/wp-content\/uploads\/2026\/01\/image-30-1024x50.png 1024w, https:\/\/champagne-unis-pour-lavenir.com\/wp-content\/uploads\/2026\/01\/image-30-300x15.png 300w, https:\/\/champagne-unis-pour-lavenir.com\/wp-content\/uploads\/2026\/01\/image-30-768x38.png 768w, https:\/\/champagne-unis-pour-lavenir.com\/wp-content\/uploads\/2026\/01\/image-30.png 1039w\" sizes=\"auto, (max-width: 1024px) 100vw, 1024px\" \/><\/figure>\n\n\n\n<p class=\"has-text-align-center is-style-text-lead-2 has-text-color has-link-color wp-elements-0dfd06cc720563b016e88485562d3ba4 is-style-text-lead-2--2\" style=\"color:#255b7c\"><strong>Projet Padel<\/strong><\/p>\n\n\n\n<figure class=\"wp-block-image aligncenter size-full\"><img loading=\"lazy\" decoding=\"async\" width=\"629\" height=\"352\" src=\"https:\/\/champagne-unis-pour-lavenir.com\/wp-content\/uploads\/2026\/01\/image-29.png\" alt=\"\" class=\"wp-image-290\" srcset=\"https:\/\/champagne-unis-pour-lavenir.com\/wp-content\/uploads\/2026\/01\/image-29.png 629w, https:\/\/champagne-unis-pour-lavenir.com\/wp-content\/uploads\/2026\/01\/image-29-300x168.png 300w\" sizes=\"auto, (max-width: 629px) 100vw, 629px\" \/><\/figure>\n\n\n\n<div class=\"wp-block-group is-nowrap is-layout-flex wp-container-core-group-is-layout-6c531013 wp-block-group-is-layout-flex\">\n<p class=\"texte-justifie has-text-color has-link-color wp-elements-7a61513e8e02a4e3a065ad5bb67b781e\" style=\"color:#255b7c\"><mark style=\"background-color:rgba(0, 0, 0, 0);color:#fcb331\" class=\"has-inline-color\"><strong>Etude de faisabilit\u00e9 pour la cr\u00e9ation de terrains de padel. <\/strong><\/mark><br><br>Notre volont\u00e9 est de r\u00e9pondre \u00e0 une demande croissante tout en renfor\u00e7ant l&rsquo;attractivit\u00e9 de notre ville. Ce projet s&rsquo;articule autour de trois piliers :<br><br><strong>Le soutien au tissu associatif<\/strong> : Nous ne souhaitons pas une gestion purement commerciale. L&rsquo;objectif est de confier l&rsquo;animation de ces terrains \u00e0 une association locale, permettant ainsi de proposer des tarifs accessibles, une \u00e9cole de jeunes et des tournois conviviaux.<br><br><strong>La mixit\u00e9 et l&rsquo;accessibilit\u00e9<\/strong> : Sport ludique, facile d&rsquo;acc\u00e8s et interg\u00e9n\u00e9rationnel, le Padel est l&rsquo;outil id\u00e9al pour cr\u00e9er du lien entre les habitants, des plus jeunes aux seniors.<br><br><strong>Un am\u00e9nagement durable<\/strong> : L&rsquo;\u00e9tude portera sur une int\u00e9gration paysag\u00e8re soign\u00e9e et l&rsquo;utilisation de mat\u00e9riaux respectueux de l&rsquo;environnement, en optimisant les espaces sportifs existants<\/p>\n<\/div>\n","protected":false},"excerpt":{"rendered":"<p>Une commune vivante, pour se retrouver et partager. La qualit\u00e9 de vie ne repose pas uniquement sur les \u00e9quipements, mais aussi et surtout sur la richesse des \u00e9changes, de la culture et des activit\u00e9s collectives. Le d\u00e9veloppement des associations culturelles et sportives est notre priorit\u00e9. Faire p\u00e9tiller Champagne-sur-Oise : En redynamisant des activit\u00e9s culturelles et [&hellip;]<\/p>\n","protected":false},"author":1,"featured_media":0,"parent":0,"menu_order":0,"comment_status":"closed","ping_status":"closed","template":"","meta":{"footnotes":""},"class_list":["post-106","page","type-page","status-publish","hentry"],"_links":{"self":[{"href":"https:\/\/champagne-unis-pour-lavenir.com\/index.php\/wp-json\/wp\/v2\/pages\/106","targetHints":{"allow":["GET"]}}],"collection":[{"href":"https:\/\/champagne-unis-pour-lavenir.com\/index.php\/wp-json\/wp\/v2\/pages"}],"about":[{"href":"https:\/\/champagne-unis-pour-lavenir.com\/index.php\/wp-json\/wp\/v2\/types\/page"}],"author":[{"embeddable":true,"href":"https:\/\/champagne-unis-pour-lavenir.com\/index.php\/wp-json\/wp\/v2\/users\/1"}],"replies":[{"embeddable":true,"href":"https:\/\/champagne-unis-pour-lavenir.com\/index.php\/wp-json\/wp\/v2\/comments?post=106"}],"version-history":[{"count":30,"href":"https:\/\/champagne-unis-pour-lavenir.com\/index.php\/wp-json\/wp\/v2\/pages\/106\/revisions"}],"predecessor-version":[{"id":500,"href":"https:\/\/champagne-unis-pour-lavenir.com\/index.php\/wp-json\/wp\/v2\/pages\/106\/revisions\/500"}],"wp:attachment":[{"href":"https:\/\/champagne-unis-pour-lavenir.com\/index.php\/wp-json\/wp\/v2\/media?parent=106"}],"curies":[{"name":"wp","href":"https:\/\/api.w.org\/{rel}","templated":true}]}}